{"id":10040,"date":"2015-03-14T07:09:07","date_gmt":"2015-03-14T07:09:07","guid":{"rendered":"http:\/\/codex-themes.com\/scalia\/?page_id=10040"},"modified":"2016-10-28T02:26:58","modified_gmt":"2016-10-27T23:26:58","slug":"musteri-memnuniyeti","status":"publish","type":"page","link":"https:\/\/www.powerbeg.com.tr\/?page_id=10040","title":{"rendered":"M\u00fc\u015fteri Memnuniyeti"},"content":{"rendered":"<p>[vc_row][vc_column][vc_text_separator title=&#8221;Hedefimiz ve Yapt\u0131klar\u0131m\u0131z&#8221; color=&#8221;peacoc&#8221; style=&#8221;double&#8221;]<div class=\"clearboth\"><\/div><div class=\"sc-divider\" style=\"\"><\/div>[\/vc_column][\/vc_row][vc_row][vc_column width=&#8221;2\/3&#8243;][vc_column_text]<\/p>\n<ul>\n<li>T\u00fcrkiye\u2019nin \u00f6nc\u00fc kozmetik \u015firketi olarak m\u00fc\u015fteri isteklerini a\u00e7\u0131k, \u015feffaf, h\u0131zl\u0131, g\u00fcven verici ve m\u00fc\u015fteri odakl\u0131 bir \u015fekilde \u00e7\u00f6zmeyi taahh\u00fct ederiz.<\/li>\n<li>M\u00fc\u015fteri isteklerini daima kaliteli hizmet sunma anlay\u0131\u015f\u0131m\u0131zla ele al\u0131r\u0131z. M\u00fc\u015fterilerimizden \u015fikayet ald\u0131\u011f\u0131m\u0131z durumda her \u015fikayeti objektif, \u00f6zenli ve dikkatli bir \u015fekilde inceler ve bu inceleme sonucunda \u00e7\u00f6z\u00fcm sunar\u0131z.\u015eikayet ve \u00f6neriler paralelinde de kal\u0131c\u0131 iyile\u015ftirmeleri sistem ve s\u00fcre\u00e7lerimizde uygular\u0131z.<\/li>\n<li>\u00c7al\u0131\u015fanlar\u0131n kat\u0131l\u0131mc\u0131l\u0131\u011f\u0131n\u0131, payla\u015f\u0131mc\u0131l\u0131\u011f\u0131n\u0131, yarat\u0131c\u0131l\u0131\u011f\u0131n\u0131 destekleyerek, kendilerini ifade edebilecekleri ve s\u00fcrekli kendilerini geli\u015ftirebilecekleri ortamlar sa\u011flar\u0131z.<\/li>\n<li>\u0130stekleri ele alma s\u00fcreci politika ve hedefleri olu\u015fturulurken yasal ve mevzuata dayal\u0131 \u015fartlara \u00a0m\u00fc\u015fteri beklentilerine uyar, \u00e7al\u0131\u015fanlar\u0131n bildirimlerini dikkate alarak ilerleriz.<\/li>\n<li>powerbeg.com.tr m\u00fc\u015fteri istekleri ve \u015fikayet y\u00f6netim s\u00fcreci ve kullan\u0131lan sistemleri, geli\u015fime a\u00e7\u0131k alanlar\u0131n tespit edilmesi ve verimlili\u011fin artt\u0131r\u0131lmas\u0131 i\u00e7in d\u00fczenli olarak g\u00f6zden ge\u00e7irir, etkinlikleri raporlar ve s\u00fcrekli iyile\u015ftiririz.<\/li>\n<\/ul>\n<p>[\/vc_column_text][\/vc_column][vc_column width=&#8221;1\/3&#8243;]<div class=\"sc-textbox rounded-corners\"  style=\"\"><div class=\"sc-textbox-content\" style=\"background-color: #f1f5f8;background-position: center top;\"><\/div><\/div>[\/vc_column][\/vc_row]<\/p>\n","protected":false},"excerpt":{"rendered":"<p>[vc_row][vc_column][vc_text_separator title=&#8221;Hedefimiz ve Yapt\u0131klar\u0131m\u0131z&#8221; color=&#8221;peacoc&#8221; style=&#8221;double&#8221;][\/vc_column][\/vc_row][vc_row][vc_column width=&#8221;2\/3&#8243;][vc_column_text] T\u00fcrkiye\u2019nin \u00f6nc\u00fc kozmetik \u015firketi olarak m\u00fc\u015fteri isteklerini a\u00e7\u0131k, \u015feffaf, h\u0131zl\u0131, g\u00fcven verici ve&#8230;<\/p>\n","protected":false},"author":1,"featured_media":0,"parent":0,"menu_order":0,"comment_status":"closed","ping_status":"open","template":"","meta":{"bwfblock_default_font":"","footnotes":""},"class_list":["post-10040","page","type-page","status-publish","hentry"],"aioseo_notices":[],"_links":{"self":[{"href":"https:\/\/www.powerbeg.com.tr\/index.php?rest_route=\/wp\/v2\/pages\/10040","targetHints":{"allow":["GET"]}}],"collection":[{"href":"https:\/\/www.powerbeg.com.tr\/index.php?rest_route=\/wp\/v2\/pages"}],"about":[{"href":"https:\/\/www.powerbeg.com.tr\/index.php?rest_route=\/wp\/v2\/types\/page"}],"author":[{"embeddable":true,"href":"https:\/\/www.powerbeg.com.tr\/index.php?rest_route=\/wp\/v2\/users\/1"}],"replies":[{"embeddable":true,"href":"https:\/\/www.powerbeg.com.tr\/index.php?rest_route=%2Fwp%2Fv2%2Fcomments&post=10040"}],"version-history":[{"count":3,"href":"https:\/\/www.powerbeg.com.tr\/index.php?rest_route=\/wp\/v2\/pages\/10040\/revisions"}],"predecessor-version":[{"id":12097,"href":"https:\/\/www.powerbeg.com.tr\/index.php?rest_route=\/wp\/v2\/pages\/10040\/revisions\/12097"}],"wp:attachment":[{"href":"https:\/\/www.powerbeg.com.tr\/index.php?rest_route=%2Fwp%2Fv2%2Fmedia&parent=10040"}],"curies":[{"name":"wp","href":"https:\/\/api.w.org\/{rel}","templated":true}]}}