{"id":12073,"date":"2016-10-27T18:11:07","date_gmt":"2016-10-27T15:11:07","guid":{"rendered":"http:\/\/www.powerbeg.com.tr\/?page_id=12073"},"modified":"2016-10-27T18:11:07","modified_gmt":"2016-10-27T15:11:07","slug":"yurt-disi-satis","status":"publish","type":"page","link":"https:\/\/www.powerbeg.com.tr\/?page_id=12073","title":{"rendered":"Yurt D\u0131\u015f\u0131 Sat\u0131\u015f"},"content":{"rendered":"<p>[vc_row][vc_column][vc_column_text]Bioness markas\u0131 sadece T\u00fcrkiye de de\u011fil yurt d\u0131\u015f\u0131nda da sat\u0131\u015fa sunulmaktad\u0131r. Bioness GLOBAL bir marka olma yolunda ilerlemektedir. Bioness&#8217;in \u00f6ncelikli hedefli aras\u0131nda T\u00fcrkiye&#8217;den sonra d\u00fcnyada sevilen bir marka haline gelmektedir. Bu manada Bioness markas\u0131n\u0131n geli\u015fmesi i\u00e7in bizlere d\u00fc\u015f\u00fcncelerinizi g\u00f6r\u00fc\u015flerini her ne \u015fekilde olursa olsun iletirseniz sizlerin geri bildirimlerini dikkate alarak tamamen kullan\u0131c\u0131ya y\u00f6nelik bir markan\u0131n geli\u015fimine katk\u0131 sa\u011flam\u0131\u015f olacaks\u0131n\u0131z.[\/vc_column_text][\/vc_column][\/vc_row][vc_row][vc_column]\n<div class=\"wpcf7 no-js\" id=\"wpcf7-f590-o1\" lang=\"en-US\" dir=\"ltr\" data-wpcf7-id=\"590\">\n<div class=\"screen-reader-response\"><p role=\"status\" aria-live=\"polite\" aria-atomic=\"true\"><\/p> <ul><\/ul><\/div>\n<form action=\"\/index.php?rest_route=%2Fwp%2Fv2%2Fpages%2F12073#wpcf7-f590-o1\" method=\"post\" class=\"wpcf7-form init\" aria-label=\"Contact form\" novalidate=\"novalidate\" data-status=\"init\">\n<fieldset class=\"hidden-fields-container\"><input type=\"hidden\" name=\"_wpcf7\" value=\"590\" \/><input type=\"hidden\" name=\"_wpcf7_version\" value=\"6.1.5\" \/><input type=\"hidden\" name=\"_wpcf7_locale\" value=\"en_US\" \/><input type=\"hidden\" name=\"_wpcf7_unit_tag\" value=\"wpcf7-f590-o1\" \/><input type=\"hidden\" name=\"_wpcf7_container_post\" value=\"0\" \/><input type=\"hidden\" name=\"_wpcf7_posted_data_hash\" value=\"\" \/>\n<\/fieldset>\n<div class=\"standart-mc-form\">\n\t<p>Ad\u0131n\u0131z Soyad\u0131n\u0131z (gerekli)\n\t<\/p>\n\t<p><span class=\"wpcf7-form-control-wrap\" data-name=\"your-name\"><input size=\"40\" maxlength=\"400\" class=\"wpcf7-form-control wpcf7-text wpcf7-validates-as-required\" aria-required=\"true\" aria-invalid=\"false\" value=\"\" type=\"text\" name=\"your-name\" \/><\/span>\n\t<\/p>\n\t<p>Firma Ad\u0131 (gerekli)\n\t<\/p>\n\t<p><span class=\"wpcf7-form-control-wrap\" data-name=\"your-name\"><input size=\"40\" maxlength=\"400\" class=\"wpcf7-form-control wpcf7-text wpcf7-validates-as-required\" aria-required=\"true\" aria-invalid=\"false\" value=\"\" type=\"text\" name=\"your-name\" \/><\/span>\n\t<\/p>\n\t<p>Fatura Adresi (gerekli)\n\t<\/p>\n\t<p><span class=\"wpcf7-form-control-wrap\" data-name=\"textarea-301\"><textarea cols=\"40\" rows=\"10\" maxlength=\"2000\" class=\"wpcf7-form-control wpcf7-textarea\" aria-invalid=\"false\" name=\"textarea-301\"><\/textarea><\/span>\n\t<\/p>\n\t<p>Vergi Dairesi (gerekli)\n\t<\/p>\n\t<p><span class=\"wpcf7-form-control-wrap\" data-name=\"text-695\"><input size=\"40\" maxlength=\"400\" class=\"wpcf7-form-control wpcf7-text\" aria-invalid=\"false\" value=\"\" type=\"text\" name=\"text-695\" \/><\/span>\n\t<\/p>\n\t<p>Vergi Numaras\u0131 (gerekli)\n\t<\/p>\n\t<p><span class=\"wpcf7-form-control-wrap\" data-name=\"number-820\"><input class=\"wpcf7-form-control wpcf7-number wpcf7-validates-as-number\" aria-invalid=\"false\" value=\"\" type=\"number\" name=\"number-820\" \/><\/span>\n\t<\/p>\n\t<p>Email Adresiniz (gerekli)\n\t<\/p>\n\t<p><span class=\"wpcf7-form-control-wrap\" data-name=\"your-email\"><input size=\"40\" maxlength=\"400\" class=\"wpcf7-form-control wpcf7-email wpcf7-validates-as-required wpcf7-text wpcf7-validates-as-email\" aria-required=\"true\" aria-invalid=\"false\" value=\"\" type=\"email\" name=\"your-email\" \/><\/span>\n\t<\/p>\n\t<p>Tel No: (gerekli)\n\t<\/p>\n\t<p><span class=\"wpcf7-form-control-wrap\" data-name=\"tel-324\"><input size=\"40\" maxlength=\"400\" class=\"wpcf7-form-control wpcf7-tel wpcf7-validates-as-required wpcf7-text wpcf7-validates-as-tel\" aria-required=\"true\" aria-invalid=\"false\" value=\"\" type=\"tel\" name=\"tel-324\" \/><\/span>\n\t<\/p>\n\t<p>Konu\n\t<\/p>\n\t<p><span class=\"wpcf7-form-control-wrap\" data-name=\"your-subject\"><input size=\"40\" maxlength=\"400\" class=\"wpcf7-form-control wpcf7-text\" aria-invalid=\"false\" value=\"\" type=\"text\" name=\"your-subject\" \/><\/span>\n\t<\/p>\n\t<p>Mesaj\u0131n\u0131z\n\t<\/p>\n\t<p><span class=\"wpcf7-form-control-wrap\" data-name=\"your-message\"><textarea cols=\"40\" rows=\"10\" maxlength=\"2000\" class=\"wpcf7-form-control wpcf7-textarea\" aria-invalid=\"false\" name=\"your-message\"><\/textarea><\/span>\n\t<\/p>\n\t<p><input class=\"wpcf7-form-control wpcf7-submit has-spinner\" type=\"submit\" value=\"Bilgileri G\u00f6nderin\" \/>\n\t<\/p>\n<\/div><p style=\"display: none !important;\" class=\"akismet-fields-container\" data-prefix=\"_wpcf7_ak_\"><label>&#916;<textarea name=\"_wpcf7_ak_hp_textarea\" cols=\"45\" rows=\"8\" maxlength=\"100\"><\/textarea><\/label><input type=\"hidden\" id=\"ak_js_1\" name=\"_wpcf7_ak_js\" value=\"66\"\/><script>document.getElementById( \"ak_js_1\" ).setAttribute( \"value\", ( new Date() ).getTime() );<\/script><\/p><div class=\"wpcf7-response-output\" aria-hidden=\"true\"><\/div>\n<\/form>\n<\/div>\n[\/vc_column][\/vc_row]<\/p>\n","protected":false},"excerpt":{"rendered":"<p>[vc_row][vc_column][vc_column_text]Bioness markas\u0131 sadece T\u00fcrkiye de de\u011fil yurt d\u0131\u015f\u0131nda da sat\u0131\u015fa sunulmaktad\u0131r. Bioness GLOBAL bir marka olma yolunda ilerlemektedir. Bioness&#8217;in \u00f6ncelikli&#8230;<\/p>\n","protected":false},"author":1,"featured_media":0,"parent":0,"menu_order":0,"comment_status":"closed","ping_status":"closed","template":"","meta":{"bwfblock_default_font":"","footnotes":""},"class_list":["post-12073","page","type-page","status-publish","hentry"],"aioseo_notices":[],"_links":{"self":[{"href":"https:\/\/www.powerbeg.com.tr\/index.php?rest_route=\/wp\/v2\/pages\/12073","targetHints":{"allow":["GET"]}}],"collection":[{"href":"https:\/\/www.powerbeg.com.tr\/index.php?rest_route=\/wp\/v2\/pages"}],"about":[{"href":"https:\/\/www.powerbeg.com.tr\/index.php?rest_route=\/wp\/v2\/types\/page"}],"author":[{"embeddable":true,"href":"https:\/\/www.powerbeg.com.tr\/index.php?rest_route=\/wp\/v2\/users\/1"}],"replies":[{"embeddable":true,"href":"https:\/\/www.powerbeg.com.tr\/index.php?rest_route=%2Fwp%2Fv2%2Fcomments&post=12073"}],"version-history":[{"count":1,"href":"https:\/\/www.powerbeg.com.tr\/index.php?rest_route=\/wp\/v2\/pages\/12073\/revisions"}],"predecessor-version":[{"id":12074,"href":"https:\/\/www.powerbeg.com.tr\/index.php?rest_route=\/wp\/v2\/pages\/12073\/revisions\/12074"}],"wp:attachment":[{"href":"https:\/\/www.powerbeg.com.tr\/index.php?rest_route=%2Fwp%2Fv2%2Fmedia&parent=12073"}],"curies":[{"name":"wp","href":"https:\/\/api.w.org\/{rel}","templated":true}]}}