{"id":1676,"date":"2014-10-22T08:21:08","date_gmt":"2014-10-22T08:21:08","guid":{"rendered":"http:\/\/codex-themes.com\/scalia\/?page_id=1676"},"modified":"2026-02-21T13:47:15","modified_gmt":"2026-02-21T10:47:15","slug":"hakkimizda","status":"publish","type":"page","link":"https:\/\/www.powerbeg.com.tr\/?page_id=1676","title":{"rendered":"Hakk\u0131m\u0131zda"},"content":{"rendered":"<p>[vc_row][vc_column][vc_column_text]\u00c7elebi Grup Firmam\u0131z 15 y\u0131ll\u0131k online sekt\u00f6rdeki deneyimle g\u00fcvenle hizmet vermektedir.<\/p>\n<p>S\u00fcrekli kendini geli\u015ftiren yeniliklere a\u00e7\u0131k gen\u00e7 dinamik ekibimiz ile binlerce \u00a0m\u00fc\u015fteriye sorunsuz ve h\u0131zl\u0131 teslimatlarla \u00f6n plana \u00e7\u0131karak hizmet vermeye devam ediyoruz.<\/p>\n<p>&nbsp;<\/p>\n<h3><strong>\u00a0 \u00a0Di\u011fer \u00dcretimini Yapt\u0131\u011f\u0131m\u0131z Markalar \u00dcr\u00fcnler :<\/strong><\/h3>\n<p>&nbsp;<\/p>\n<h3>Profesyonel F\u00f6n Makinesi \u00a0POWERSTAR 3000<\/h3>\n<p><a href=\"http:\/\/www.powerstar.com.tr\/\">www.powerstar.com.tr<\/a>[\/vc_column_text]<div class=\"clearboth\"><\/div><div class=\"sc-divider\" style=\"margin-bottom: 12px;\"><\/div>[\/vc_column][\/vc_row]<\/p>\n","protected":false},"excerpt":{"rendered":"<p>[vc_row][vc_column][vc_column_text]\u00c7elebi Grup Firmam\u0131z 15 y\u0131ll\u0131k online sekt\u00f6rdeki deneyimle g\u00fcvenle hizmet vermektedir. S\u00fcrekli kendini geli\u015ftiren yeniliklere a\u00e7\u0131k gen\u00e7 dinamik ekibimiz ile&#8230;<\/p>\n","protected":false},"author":1,"featured_media":0,"parent":0,"menu_order":0,"comment_status":"closed","ping_status":"open","template":"","meta":{"bwfblock_default_font":"","footnotes":""},"class_list":["post-1676","page","type-page","status-publish","hentry"],"aioseo_notices":[],"_links":{"self":[{"href":"https:\/\/www.powerbeg.com.tr\/index.php?rest_route=\/wp\/v2\/pages\/1676","targetHints":{"allow":["GET"]}}],"collection":[{"href":"https:\/\/www.powerbeg.com.tr\/index.php?rest_route=\/wp\/v2\/pages"}],"about":[{"href":"https:\/\/www.powerbeg.com.tr\/index.php?rest_route=\/wp\/v2\/types\/page"}],"author":[{"embeddable":true,"href":"https:\/\/www.powerbeg.com.tr\/index.php?rest_route=\/wp\/v2\/users\/1"}],"replies":[{"embeddable":true,"href":"https:\/\/www.powerbeg.com.tr\/index.php?rest_route=%2Fwp%2Fv2%2Fcomments&post=1676"}],"version-history":[{"count":3,"href":"https:\/\/www.powerbeg.com.tr\/index.php?rest_route=\/wp\/v2\/pages\/1676\/revisions"}],"predecessor-version":[{"id":12530,"href":"https:\/\/www.powerbeg.com.tr\/index.php?rest_route=\/wp\/v2\/pages\/1676\/revisions\/12530"}],"wp:attachment":[{"href":"https:\/\/www.powerbeg.com.tr\/index.php?rest_route=%2Fwp%2Fv2%2Fmedia&parent=1676"}],"curies":[{"name":"wp","href":"https:\/\/api.w.org\/{rel}","templated":true}]}}