{"id":5242,"date":"2014-12-30T13:38:06","date_gmt":"2014-12-30T13:38:06","guid":{"rendered":"http:\/\/codex-themes.com\/scalia\/?page_id=5242"},"modified":"2017-02-10T00:24:59","modified_gmt":"2017-02-09T21:24:59","slug":"galeri","status":"publish","type":"page","link":"https:\/\/www.powerbeg.com.tr\/?page_id=5242","title":{"rendered":"Galeri"},"content":{"rendered":"<p>[vc_row][vc_column][vc_text_separator title=&#8221;\u00dcr\u00fcn Resimleri&#8221; color=&#8221;peacoc&#8221; style=&#8221;double&#8221;]<div class=\"clearboth\"><\/div><div class=\"sc-divider\" style=\"margin-bottom: 10px;\"><\/div>[\/vc_column][\/vc_row][vc_row][vc_column]<div class=\"preloader\"><\/div> <div class=\"gallery-preloader-wrapper\"> <div class=\"row\"> <div class=\"sc-gallery-grid col-lg-12 col-md-12 col-sm-12 gallery-items-masonry columns-4 hover-default\" data-hover=\"default\"> <ul class=\"gallery-set col-lg-12 col-md-12 col-sm-12 clearfix \"> <li class=\"gallery-item col-lg-3 col-md-3 col-sm-4 col-xs-6 post-5242 page type-page status-publish hentry\"> <div class=\"wrap sc-wrapbox-style-1 rounded-corners shadow-box\"> <div class=\"overlay-wrap\"> <div class=\"image-wrap \"> <img loading=\"lazy\" decoding=\"async\" src=\"http:\/\/www.powerbeg.com.tr\/wp-content\/uploads\/2016\/11\/powerbeg-fon-resim-kirmizi-vigolu-kutu-scalia-gallery-masonry.jpg\" width=\"440\" height=\"440\" alt=\"\"> <\/div> <div class=\"overlay \"> <a href=\"https:\/\/www.powerbeg.com.tr\/wp-content\/uploads\/2016\/11\/powerbeg-fon-resim-kirmizi-vigolu-kutu.jpg\" class=\"gallery-item-link fancy-gallery\" rel=\"gallery-69f47e50689ad\"> <span class=\"slide-info\"> <\/span> <\/a> <div class=\"overlay-content\"> <div class=\"overlay-content-center\"> <div class=\"overlay-content-inner\"> <a href=\"https:\/\/www.powerbeg.com.tr\/wp-content\/uploads\/2016\/11\/powerbeg-fon-resim-kirmizi-vigolu-kutu.jpg\" class=\"icon photo \" > <\/a> <\/div> <\/div> <\/div> <\/div> <\/div> <\/div> <\/li> <li class=\"gallery-item col-lg-3 col-md-3 col-sm-4 col-xs-6 post-5242 page type-page status-publish hentry\"> <div class=\"wrap sc-wrapbox-style-1 rounded-corners shadow-box\"> <div class=\"overlay-wrap\"> <div class=\"image-wrap \"> <img loading=\"lazy\" decoding=\"async\" src=\"http:\/\/www.powerbeg.com.tr\/wp-content\/uploads\/2014\/12\/powerbeg-5000-fon-resim-kirmizi--scalia-gallery-masonry.jpg\" width=\"440\" height=\"440\" alt=\"\"> <\/div> <div class=\"overlay \"> <a href=\"https:\/\/www.powerbeg.com.tr\/wp-content\/uploads\/2014\/12\/powerbeg-5000-fon-resim-kirmizi-.jpg\" class=\"gallery-item-link fancy-gallery\" rel=\"gallery-69f47e50689ad\"> <span class=\"slide-info\"> <\/span> <\/a> <div class=\"overlay-content\"> <div class=\"overlay-content-center\"> <div class=\"overlay-content-inner\"> <a href=\"https:\/\/www.powerbeg.com.tr\/wp-content\/uploads\/2014\/12\/powerbeg-5000-fon-resim-kirmizi-.jpg\" class=\"icon photo \" > <\/a> <\/div> <\/div> <\/div> <\/div> <\/div> <\/div> <\/li> <li class=\"gallery-item col-lg-3 col-md-3 col-sm-4 col-xs-6 post-5242 page type-page status-publish hentry\"> <div class=\"wrap sc-wrapbox-style-1 rounded-corners shadow-box\"> <div class=\"overlay-wrap\"> <div class=\"image-wrap \"> <img loading=\"lazy\" decoding=\"async\" src=\"http:\/\/www.powerbeg.com.tr\/wp-content\/uploads\/2016\/10\/powerbeg-kutulu-fon-makinesi-scalia-gallery-masonry.jpg\" width=\"440\" height=\"440\" alt=\"\"> <\/div> <div class=\"overlay \"> <a href=\"https:\/\/www.powerbeg.com.tr\/wp-content\/uploads\/2016\/10\/powerbeg-kutulu-fon-makinesi.jpg\" class=\"gallery-item-link fancy-gallery\" rel=\"gallery-69f47e50689ad\"> <span class=\"slide-info\"> <\/span> <\/a> <div class=\"overlay-content\"> <div class=\"overlay-content-center\"> <div class=\"overlay-content-inner\"> <a href=\"https:\/\/www.powerbeg.com.tr\/wp-content\/uploads\/2016\/10\/powerbeg-kutulu-fon-makinesi.jpg\" class=\"icon photo \" > <\/a> <\/div> <\/div> <\/div> <\/div> <\/div> <\/div> <\/li> <li class=\"gallery-item col-lg-3 col-md-3 col-sm-4 col-xs-6 post-5242 page type-page status-publish hentry\"> <div class=\"wrap sc-wrapbox-style-1 rounded-corners shadow-box\"> <div class=\"overlay-wrap\"> <div class=\"image-wrap \"> <img loading=\"lazy\" decoding=\"async\" src=\"http:\/\/www.powerbeg.com.tr\/wp-content\/uploads\/2015\/02\/powerbeg-kutulu-fon-makines-i-scalia-gallery-masonry.jpg\" width=\"440\" height=\"440\" alt=\"\"> <\/div> <div class=\"overlay \"> <a href=\"https:\/\/www.powerbeg.com.tr\/wp-content\/uploads\/2015\/02\/powerbeg-kutulu-fon-makines-i.jpg\" class=\"gallery-item-link fancy-gallery\" rel=\"gallery-69f47e50689ad\"> <span class=\"slide-info\"> <\/span> <\/a> <div class=\"overlay-content\"> <div class=\"overlay-content-center\"> <div class=\"overlay-content-inner\"> <a href=\"https:\/\/www.powerbeg.com.tr\/wp-content\/uploads\/2015\/02\/powerbeg-kutulu-fon-makines-i.jpg\" class=\"icon photo \" > <\/a> <\/div> <\/div> <\/div> <\/div> <\/div> <\/div> <\/li> <\/ul> <\/div> <\/div> <\/div>[\/vc_column][\/vc_row][vc_row][vc_column][vc_text_separator title=&#8221;Kullan\u0131c\u0131lar\u0131m\u0131z&#8221; color=&#8221;peacoc&#8221; style=&#8221;double&#8221;]<div class=\"clearboth\"><\/div><div class=\"sc-divider\" style=\"margin-bottom: 10px;\"><\/div>[\/vc_column][\/vc_row][vc_row][vc_column]<div class=\"preloader\"><\/div> <div class=\"gallery-preloader-wrapper\"> <div class=\"row\"> <div class=\"sc-gallery-grid col-lg-12 col-md-12 col-sm-12 gallery-items-masonry columns-3 hover-default\" data-hover=\"default\"> <ul class=\"gallery-set col-lg-12 col-md-12 col-sm-12 clearfix \"> <li class=\"gallery-item col-lg-4 col-md-4 col-sm-6 col-xs-6 post-5242 page type-page status-publish hentry\"> <div class=\"wrap sc-wrapbox-style-5 rounded-corners shadow-box\"> <div class=\"overlay-wrap\"> <div class=\"image-wrap \"> <img loading=\"lazy\" decoding=\"async\" src=\"http:\/\/www.powerbeg.com.tr\/wp-content\/uploads\/2016\/10\/Zaro-Slide3-Woman-1-1-scalia-gallery-masonry.png\" width=\"440\" height=\"440\" alt=\"\"> <\/div> <div class=\"overlay \"> <a href=\"https:\/\/www.powerbeg.com.tr\/wp-content\/uploads\/2016\/10\/Zaro-Slide3-Woman-1-1.png\" class=\"gallery-item-link fancy-gallery\" rel=\"gallery-69f47e51b582f\"> <span class=\"slide-info\"> <\/span> <\/a> <div class=\"overlay-content\"> <div class=\"overlay-content-center\"> <div class=\"overlay-content-inner\"> <a href=\"https:\/\/www.powerbeg.com.tr\/wp-content\/uploads\/2016\/10\/Zaro-Slide3-Woman-1-1.png\" class=\"icon photo \" > <\/a> <\/div> <\/div> <\/div> <\/div> <\/div> <\/div> <\/li> <li class=\"gallery-item col-lg-4 col-md-4 col-sm-6 col-xs-6 post-5242 page type-page status-publish hentry\"> <div class=\"wrap sc-wrapbox-style-5 rounded-corners shadow-box\"> <div class=\"overlay-wrap\"> <div class=\"image-wrap \"> <img loading=\"lazy\" decoding=\"async\" src=\"http:\/\/www.powerbeg.com.tr\/wp-content\/uploads\/2016\/10\/slider-1-scalia-gallery-masonry.png\" width=\"440\" height=\"440\" alt=\"\"> <\/div> <div class=\"overlay \"> <a href=\"https:\/\/www.powerbeg.com.tr\/wp-content\/uploads\/2016\/10\/slider-1.png\" class=\"gallery-item-link fancy-gallery\" rel=\"gallery-69f47e51b582f\"> <span class=\"slide-info\"> <\/span> <\/a> <div class=\"overlay-content\"> <div class=\"overlay-content-center\"> <div class=\"overlay-content-inner\"> <a href=\"https:\/\/www.powerbeg.com.tr\/wp-content\/uploads\/2016\/10\/slider-1.png\" class=\"icon photo \" > <\/a> <\/div> <\/div> <\/div> <\/div> <\/div> <\/div> <\/li> <li class=\"gallery-item col-lg-4 col-md-4 col-sm-6 col-xs-6 post-5242 page type-page status-publish hentry\"> <div class=\"wrap sc-wrapbox-style-5 rounded-corners shadow-box\"> <div class=\"overlay-wrap\"> <div class=\"image-wrap \"> <img loading=\"lazy\" decoding=\"async\" src=\"http:\/\/www.powerbeg.com.tr\/wp-content\/uploads\/2016\/10\/sa\u00e7-kurutma-2-scalia-gallery-masonry.jpg\" width=\"440\" height=\"440\" alt=\"\"> <\/div> <div class=\"overlay \"> <a href=\"https:\/\/www.powerbeg.com.tr\/wp-content\/uploads\/2016\/10\/sa\u00e7-kurutma-2.jpg\" class=\"gallery-item-link fancy-gallery\" rel=\"gallery-69f47e51b582f\"> <span class=\"slide-info\"> <\/span> <\/a> <div class=\"overlay-content\"> <div class=\"overlay-content-center\"> <div class=\"overlay-content-inner\"> <a href=\"https:\/\/www.powerbeg.com.tr\/wp-content\/uploads\/2016\/10\/sa\u00e7-kurutma-2.jpg\" class=\"icon photo \" > <\/a> <\/div> <\/div> <\/div> <\/div> <\/div> <\/div> <\/li> <li class=\"gallery-item col-lg-4 col-md-4 col-sm-6 col-xs-6 post-5242 page type-page status-publish hentry\"> <div class=\"wrap sc-wrapbox-style-5 rounded-corners shadow-box\"> <div class=\"overlay-wrap\"> <div class=\"image-wrap \"> <img loading=\"lazy\" decoding=\"async\" src=\"http:\/\/www.powerbeg.com.tr\/wp-content\/uploads\/2016\/10\/sac-kurutma-55-scalia-gallery-masonry.jpg\" width=\"440\" height=\"264\" alt=\"\"> <\/div> <div class=\"overlay \"> <a href=\"https:\/\/www.powerbeg.com.tr\/wp-content\/uploads\/2016\/10\/sac-kurutma-55.jpg\" class=\"gallery-item-link fancy-gallery\" rel=\"gallery-69f47e51b582f\"> <span class=\"slide-info\"> <\/span> <\/a> <div class=\"overlay-content\"> <div class=\"overlay-content-center\"> <div class=\"overlay-content-inner\"> <a href=\"https:\/\/www.powerbeg.com.tr\/wp-content\/uploads\/2016\/10\/sac-kurutma-55.jpg\" class=\"icon photo \" > <\/a> <\/div> <\/div> <\/div> <\/div> <\/div> <\/div> <\/li> <li class=\"gallery-item col-lg-4 col-md-4 col-sm-6 col-xs-6 post-5242 page type-page status-publish hentry\"> <div class=\"wrap sc-wrapbox-style-5 rounded-corners shadow-box\"> <div class=\"overlay-wrap\"> <div class=\"image-wrap \"> <img loading=\"lazy\" decoding=\"async\" src=\"http:\/\/www.powerbeg.com.tr\/wp-content\/uploads\/2016\/10\/powerbeg-prof-f\u00f6n-scalia-gallery-masonry.jpg\" width=\"440\" height=\"440\" alt=\"\"> <\/div> <div class=\"overlay \"> <a href=\"https:\/\/www.powerbeg.com.tr\/wp-content\/uploads\/2016\/10\/powerbeg-prof-f\u00f6n.jpg\" class=\"gallery-item-link fancy-gallery\" rel=\"gallery-69f47e51b582f\"> <span class=\"slide-info\"> <\/span> <\/a> <div class=\"overlay-content\"> <div class=\"overlay-content-center\"> <div class=\"overlay-content-inner\"> <a href=\"https:\/\/www.powerbeg.com.tr\/wp-content\/uploads\/2016\/10\/powerbeg-prof-f\u00f6n.jpg\" class=\"icon photo \" > <\/a> <\/div> <\/div> <\/div> <\/div> <\/div> <\/div> <\/li> <li class=\"gallery-item col-lg-4 col-md-4 col-sm-6 col-xs-6 post-5242 page type-page status-publish hentry\"> <div class=\"wrap sc-wrapbox-style-5 rounded-corners shadow-box\"> <div class=\"overlay-wrap\"> <div class=\"image-wrap \"> <img loading=\"lazy\" decoding=\"async\" src=\"http:\/\/www.powerbeg.com.tr\/wp-content\/uploads\/2016\/10\/powerbeg-fon-1-scalia-gallery-masonry.jpg\" width=\"440\" height=\"487\" alt=\"\"> <\/div> <div class=\"overlay \"> <a href=\"https:\/\/www.powerbeg.com.tr\/wp-content\/uploads\/2016\/10\/powerbeg-fon-1.jpg\" class=\"gallery-item-link fancy-gallery\" rel=\"gallery-69f47e51b582f\"> <span class=\"slide-info\"> <\/span> <\/a> <div class=\"overlay-content\"> <div class=\"overlay-content-center\"> <div class=\"overlay-content-inner\"> <a href=\"https:\/\/www.powerbeg.com.tr\/wp-content\/uploads\/2016\/10\/powerbeg-fon-1.jpg\" class=\"icon photo \" > <\/a> <\/div> <\/div> <\/div> <\/div> <\/div> <\/div> <\/li> <\/ul> <\/div> <\/div> <\/div>[\/vc_column][\/vc_row][vc_row][\/vc_row][vc_row][vc_column]<div class=\"clearboth\"><\/div><div class=\"sc-divider\" style=\"margin-bottom: 27px;\"><\/div><div class=\"fullwidth-block clearfix\" style=\"background-position: center top;\"><div class=\"sc-map-with-text\"><div class=\"sc-map-with-text-content\" style=\"background-color: rgba(44,46,58,0.62);\"><div class=\"container\">[vc_row_inner][vc_column_inner width=&#8221;1\/2&#8243;][vc_column_text el_class=&#8221;resp-middle&#8221;]<\/p>\n<h3><span style=\"color: #ffffff;\">\u00c7AL\u015eMA SAATLER\u0130M\u0130Z<\/span><\/h3>\n<p>[\/vc_column_text]<div class=\"sc-icon-with-text sc-icon-with-text-icon-size-big\"><div class=\"sc-icon-with-text-icon\"><div class=\"sc-icon sc-icon-size-big angle-90deg sc-icon-shape-square sc-simple-icon\" style=\"\"><span class=\"sc-icon-half-1\" style=\"color: #ffa188;\"><span class=\"back-angle\">&#xe6ec;<\/span><\/span><span class=\"sc-icon-half-2\" style=\"color: #ff7070;\"><span class=\"back-angle\">&#xe6ec;<\/span><\/span><\/div><\/div><div class=\"sc-icon-with-text-content\"><div class=\"sc-icon-with-text-text\">[vc_column_text]<span style=\"color: #ffffff;\">Pazartesi &#8211; Cuma: 8:00 &#8211; 16:30 Saat (Telefon kadar 17:30 Saat) <\/span><span style=\"color: #ffffff;\">Cumartesi: 8:00-18:30 Saat <\/span><span style=\"color: #ffffff;\">Pazar: 11:00-15:00 Saat (16:30 Saat kadar Telefon)<\/span>[\/vc_column_text]<div class=\"clearboth\"><\/div><div class=\"sc-divider\" style=\"margin-bottom: 10px;\"><\/div><\/div><\/div><div class=\"clearboth\"><\/div><\/div>[\/vc_column_inner][vc_column_inner width=&#8221;1\/2&#8243;][vc_column_text el_class=&#8221;resp-middle&#8221;]<\/p>\n<h3><span style=\"color: #ffffff;\">B\u0130Z TAM BURDAYIZ<\/span><\/h3>\n<p>[\/vc_column_text]<div class=\"sc-icon-with-text sc-icon-with-text-icon-size-big\"><div class=\"sc-icon-with-text-icon\"><div class=\"sc-icon sc-icon-size-big angle-90deg sc-icon-shape-square sc-simple-icon\" style=\"\"><span class=\"sc-icon-half-1\" style=\"color: #fb9f87;\"><span class=\"back-angle\">&#xe6df;<\/span><\/span><span class=\"sc-icon-half-2\" style=\"color: #ff7070;\"><span class=\"back-angle\">&#xe6df;<\/span><\/span><\/div><\/div><div class=\"sc-icon-with-text-content\"><div class=\"sc-icon-with-text-text\">[vc_column_text]<span style=\"color: #ffffff;\"><strong>\u00c7ELEB\u0130 GRUP LTD. \u015eT\u0130.<\/strong><\/span><br \/>\n<span style=\"color: #ffffff;\">Elmal\u0131knet mah. E\u015fref Bitlis cad no:3<\/span><br \/>\n<span style=\"color: #ffffff;\">34696 \u2013 \u00dcmraniye\/\u0130stanbul<\/span><br \/>\n<span style=\"color: #ffffff;\">Tel : 0216 606 31 81(M\u00fc\u015fteri Hatt\u0131)<\/span>[\/vc_column_text]<\/div><\/div><div class=\"clearboth\"><\/div><\/div>[\/vc_column_inner][\/vc_row_inner]<\/div><\/div><div class=\"sc-map-with-text-map grayscale\">[vc_gmaps link=\"#E-8_JTNDaWZyYW1lJTIwc3JjJTNEJTIyaHR0cHMlM0ElMkYlMkZ3d3cuZ29vZ2xlLmNvbSUyRm1hcHMlMkZlbWJlZCUzRnBiJTNEJTIxMW0xNCUyMTFtOCUyMTFtMyUyMTFkMTIwMzguMjcwNzc4MzM2MDklMjEyZDI5LjA5ODE1MyUyMTNkNDEuMDM0NzEzJTIxM20yJTIxMWkxMDI0JTIxMmk3NjglMjE0ZjEzLjElMjEzbTMlMjExbTIlMjExczB4MCUyNTNBMHhjYTM5MDFmN2ZhNWMyMGZiJTIxMnNQb3dlcmJlZyUyQkhhdmFsJTI1QzQlMjVCMSUyQiUyNUM1JTI1OUVlemxvbmclMkJEZXBvJTIxNWUwJTIxM20yJTIxMXN0ciUyMTJzdHIlMjE0djE0Nzc1ODIxODA4NzAlMjIlMjB3aWR0aCUzRCUyMjgwMCUyMiUyMGhlaWdodCUzRCUyMjYwMCUyMiUyMGZyYW1lYm9yZGVyJTNEJTIyMCUyMiUyMHN0eWxlJTNEJTIyYm9yZGVyJTNBMCUyMiUyMGFsbG93ZnVsbHNjcmVlbiUzRSUzQyUyRmlmcmFtZSUzRQ==\" size=\"596\" disable_scroll=\"1\"]<\/div><\/div><div class=\"clearboth\"><\/div><div class=\"sc-divider\" style=\"margin-top: -140px;\"><\/div><\/div>[\/vc_column][\/vc_row]<\/p>\n","protected":false},"excerpt":{"rendered":"<p>[vc_row][vc_column][vc_text_separator title=&#8221;\u00dcr\u00fcn Resimleri&#8221; color=&#8221;peacoc&#8221; style=&#8221;double&#8221;][\/vc_column][\/vc_row][vc_row][vc_column][\/vc_column][\/vc_row][vc_row][vc_column][vc_text_separator title=&#8221;Kullan\u0131c\u0131lar\u0131m\u0131z&#8221; color=&#8221;peacoc&#8221; style=&#8221;double&#8221;][\/vc_column][\/vc_row][vc_row][vc_column][\/vc_column][\/vc_row][vc_row][\/vc_row][vc_row][vc_column][\/vc_column][\/vc_row]<\/p>\n","protected":false},"author":1,"featured_media":0,"parent":5222,"menu_order":0,"comment_status":"closed","ping_status":"open","template":"","meta":{"bwfblock_default_font":"","footnotes":""},"class_list":["post-5242","page","type-page","status-publish","hentry"],"aioseo_notices":[],"_links":{"self":[{"href":"https:\/\/www.powerbeg.com.tr\/index.php?rest_route=\/wp\/v2\/pages\/5242","targetHints":{"allow":["GET"]}}],"collection":[{"href":"https:\/\/www.powerbeg.com.tr\/index.php?rest_route=\/wp\/v2\/pages"}],"about":[{"href":"https:\/\/www.powerbeg.com.tr\/index.php?rest_route=\/wp\/v2\/types\/page"}],"author":[{"embeddable":true,"href":"https:\/\/www.powerbeg.com.tr\/index.php?rest_route=\/wp\/v2\/users\/1"}],"replies":[{"embeddable":true,"href":"https:\/\/www.powerbeg.com.tr\/index.php?rest_route=%2Fwp%2Fv2%2Fcomments&post=5242"}],"version-history":[{"count":5,"href":"https:\/\/www.powerbeg.com.tr\/index.php?rest_route=\/wp\/v2\/pages\/5242\/revisions"}],"predecessor-version":[{"id":12380,"href":"https:\/\/www.powerbeg.com.tr\/index.php?rest_route=\/wp\/v2\/pages\/5242\/revisions\/12380"}],"up":[{"embeddable":true,"href":"https:\/\/www.powerbeg.com.tr\/index.php?rest_route=\/wp\/v2\/pages\/5222"}],"wp:attachment":[{"href":"https:\/\/www.powerbeg.com.tr\/index.php?rest_route=%2Fwp%2Fv2%2Fmedia&parent=5242"}],"curies":[{"name":"wp","href":"https:\/\/api.w.org\/{rel}","templated":true}]}}