{"id":5784,"date":"2015-02-24T11:04:09","date_gmt":"2015-02-24T11:04:09","guid":{"rendered":"http:\/\/codex-themes.com\/scalia\/zaro\/?page_id=5784"},"modified":"2016-10-27T17:40:09","modified_gmt":"2016-10-27T14:40:09","slug":"bayi-basvurusu-form","status":"publish","type":"page","link":"https:\/\/www.powerbeg.com.tr\/?page_id=5784","title":{"rendered":"Bayilik Ba\u015fvurusu"},"content":{"rendered":"<p>[vc_row][vc_column][vc_column_text]<\/p>\n<p>Yeni bayi ba\u015fvurular\u0131n\u0131 bu form arac\u0131l\u0131\u011f\u0131 ile yapabilirsiniz . G\u00f6nderdi\u011finiz bilgiler incelendikten sonra \u015fartlar\u0131m\u0131za uygun olan bayiler ekran a\u00e7\u0131lacak ve sitemizde bayilerimiz alan\u0131nda yer verilecektir.[\/vc_column_text]<div class=\"clearboth\"><\/div><div class=\"sc-divider\" style=\"margin-bottom: 10px;\"><\/div>[\/vc_column][\/vc_row][vc_row][vc_column width=&#8221;1\/2&#8243;][vc_column_text]<\/p>\n<h3>Bayilik \u0130\u00e7in Bilgilerinizi Bize G\u00f6nderin<\/h3>\n<p>[\/vc_column_text]\n<div class=\"wpcf7 no-js\" id=\"wpcf7-f590-o1\" lang=\"en-US\" dir=\"ltr\" data-wpcf7-id=\"590\">\n<div class=\"screen-reader-response\"><p role=\"status\" aria-live=\"polite\" aria-atomic=\"true\"><\/p> <ul><\/ul><\/div>\n<form action=\"\/index.php?rest_route=%2Fwp%2Fv2%2Fpages%2F5784#wpcf7-f590-o1\" method=\"post\" class=\"wpcf7-form init\" aria-label=\"Contact form\" novalidate=\"novalidate\" data-status=\"init\">\n<fieldset class=\"hidden-fields-container\"><input type=\"hidden\" name=\"_wpcf7\" value=\"590\" \/><input type=\"hidden\" name=\"_wpcf7_version\" value=\"6.1.5\" \/><input type=\"hidden\" name=\"_wpcf7_locale\" value=\"en_US\" \/><input type=\"hidden\" name=\"_wpcf7_unit_tag\" value=\"wpcf7-f590-o1\" \/><input type=\"hidden\" name=\"_wpcf7_container_post\" value=\"0\" \/><input type=\"hidden\" name=\"_wpcf7_posted_data_hash\" value=\"\" \/>\n<\/fieldset>\n<div class=\"standart-mc-form\">\n\t<p>Ad\u0131n\u0131z Soyad\u0131n\u0131z (gerekli)\n\t<\/p>\n\t<p><span class=\"wpcf7-form-control-wrap\" data-name=\"your-name\"><input size=\"40\" maxlength=\"400\" class=\"wpcf7-form-control wpcf7-text wpcf7-validates-as-required\" aria-required=\"true\" aria-invalid=\"false\" value=\"\" type=\"text\" name=\"your-name\" \/><\/span>\n\t<\/p>\n\t<p>Firma Ad\u0131 (gerekli)\n\t<\/p>\n\t<p><span class=\"wpcf7-form-control-wrap\" data-name=\"your-name\"><input size=\"40\" maxlength=\"400\" class=\"wpcf7-form-control wpcf7-text wpcf7-validates-as-required\" aria-required=\"true\" aria-invalid=\"false\" value=\"\" type=\"text\" name=\"your-name\" \/><\/span>\n\t<\/p>\n\t<p>Fatura Adresi (gerekli)\n\t<\/p>\n\t<p><span class=\"wpcf7-form-control-wrap\" data-name=\"textarea-301\"><textarea cols=\"40\" rows=\"10\" maxlength=\"2000\" class=\"wpcf7-form-control wpcf7-textarea\" aria-invalid=\"false\" name=\"textarea-301\"><\/textarea><\/span>\n\t<\/p>\n\t<p>Vergi Dairesi (gerekli)\n\t<\/p>\n\t<p><span class=\"wpcf7-form-control-wrap\" data-name=\"text-695\"><input size=\"40\" maxlength=\"400\" class=\"wpcf7-form-control wpcf7-text\" aria-invalid=\"false\" value=\"\" type=\"text\" name=\"text-695\" \/><\/span>\n\t<\/p>\n\t<p>Vergi Numaras\u0131 (gerekli)\n\t<\/p>\n\t<p><span class=\"wpcf7-form-control-wrap\" data-name=\"number-820\"><input class=\"wpcf7-form-control wpcf7-number wpcf7-validates-as-number\" aria-invalid=\"false\" value=\"\" type=\"number\" name=\"number-820\" \/><\/span>\n\t<\/p>\n\t<p>Email Adresiniz (gerekli)\n\t<\/p>\n\t<p><span class=\"wpcf7-form-control-wrap\" data-name=\"your-email\"><input size=\"40\" maxlength=\"400\" class=\"wpcf7-form-control wpcf7-email wpcf7-validates-as-required wpcf7-text wpcf7-validates-as-email\" aria-required=\"true\" aria-invalid=\"false\" value=\"\" type=\"email\" name=\"your-email\" \/><\/span>\n\t<\/p>\n\t<p>Tel No: (gerekli)\n\t<\/p>\n\t<p><span class=\"wpcf7-form-control-wrap\" data-name=\"tel-324\"><input size=\"40\" maxlength=\"400\" class=\"wpcf7-form-control wpcf7-tel wpcf7-validates-as-required wpcf7-text wpcf7-validates-as-tel\" aria-required=\"true\" aria-invalid=\"false\" value=\"\" type=\"tel\" name=\"tel-324\" \/><\/span>\n\t<\/p>\n\t<p>Konu\n\t<\/p>\n\t<p><span class=\"wpcf7-form-control-wrap\" data-name=\"your-subject\"><input size=\"40\" maxlength=\"400\" class=\"wpcf7-form-control wpcf7-text\" aria-invalid=\"false\" value=\"\" type=\"text\" name=\"your-subject\" \/><\/span>\n\t<\/p>\n\t<p>Mesaj\u0131n\u0131z\n\t<\/p>\n\t<p><span class=\"wpcf7-form-control-wrap\" data-name=\"your-message\"><textarea cols=\"40\" rows=\"10\" maxlength=\"2000\" class=\"wpcf7-form-control wpcf7-textarea\" aria-invalid=\"false\" name=\"your-message\"><\/textarea><\/span>\n\t<\/p>\n\t<p><input class=\"wpcf7-form-control wpcf7-submit has-spinner\" type=\"submit\" value=\"Bilgileri G\u00f6nderin\" \/>\n\t<\/p>\n<\/div><p style=\"display: none !important;\" class=\"akismet-fields-container\" data-prefix=\"_wpcf7_ak_\"><label>&#916;<textarea name=\"_wpcf7_ak_hp_textarea\" cols=\"45\" rows=\"8\" maxlength=\"100\"><\/textarea><\/label><input type=\"hidden\" id=\"ak_js_1\" name=\"_wpcf7_ak_js\" value=\"223\"\/><script>document.getElementById( \"ak_js_1\" ).setAttribute( \"value\", ( new Date() ).getTime() );<\/script><\/p><div class=\"wpcf7-response-output\" aria-hidden=\"true\"><\/div>\n<\/form>\n<\/div>\n<div class=\"clearboth\"><\/div><div class=\"sc-divider\" style=\"margin-bottom: 27px;\"><\/div>[\/vc_column][vc_column width=&#8221;1\/2&#8243;][vc_column_text]<\/p>\n<h3>Adres ve \u0130leti\u015fim Bilgilerimiz<\/h3>\n<p>[\/vc_column_text][vc_column_text]<strong>\u00c7ELEB\u0130 GRUP LTD. \u015eT\u0130.<\/strong><br \/>\nElmal\u0131knet mah. E\u015fref Bitlis cad no:3<br \/>\n34696 \u2013 \u00dcmraniye\/\u0130stanbul<br \/>\nTel : 0216 606 31 81(M\u00fc\u015fteri Hatt\u0131)<br \/>\n\u00dcMRAN\u0130YE V.D. 473 172 282 84.[\/vc_column_text][\/vc_column][\/vc_row][vc_row][vc_column]<div class=\"fullwidth-block clearfix\" style=\"background-position: center top;\"><div class=\"sc-map-with-text\"><div class=\"sc-map-with-text-content\" style=\"\"><\/div><div class=\"sc-map-with-text-map grayscale\">[vc_gmaps link=\"#E-8_JTNDaWZyYW1lJTIwc3JjJTNEJTIyaHR0cHMlM0ElMkYlMkZ3d3cuZ29vZ2xlLmNvbSUyRm1hcHMlMkZlbWJlZCUzRnBiJTNEJTIxMW0xNCUyMTFtOCUyMTFtMyUyMTFkMTIwMzguMjcwNzc4MzM2MDklMjEyZDI5LjA5ODE1MyUyMTNkNDEuMDM0NzEzJTIxM20yJTIxMWkxMDI0JTIxMmk3NjglMjE0ZjEzLjElMjEzbTMlMjExbTIlMjExczB4MCUyNTNBMHhjYTM5MDFmN2ZhNWMyMGZiJTIxMnNQb3dlcmJlZyUyQkhhdmFsJTI1QzQlMjVCMSUyQiUyNUM1JTI1OUVlemxvbmclMkJEZXBvJTIxNWUwJTIxM20yJTIxMXN0ciUyMTJzdHIlMjE0djE0Nzc1NzgyNTAwNjMlMjIlMjB3aWR0aCUzRCUyMjgwMCUyMiUyMGhlaWdodCUzRCUyMjYwMCUyMiUyMGZyYW1lYm9yZGVyJTNEJTIyMCUyMiUyMHN0eWxlJTNEJTIyYm9yZGVyJTNBMCUyMiUyMGFsbG93ZnVsbHNjcmVlbiUzRSUzQyUyRmlmcmFtZSUzRQ==\" size=\"526\" disable_scroll=\"1\"]<\/div><\/div><\/div>[\/vc_column][\/vc_row]<\/p>\n","protected":false},"excerpt":{"rendered":"<p>[vc_row][vc_column][vc_column_text] Yeni bayi ba\u015fvurular\u0131n\u0131 bu form arac\u0131l\u0131\u011f\u0131 ile yapabilirsiniz . G\u00f6nderdi\u011finiz bilgiler incelendikten sonra \u015fartlar\u0131m\u0131za uygun olan bayiler ekran a\u00e7\u0131lacak&#8230;<\/p>\n","protected":false},"author":1,"featured_media":0,"parent":0,"menu_order":0,"comment_status":"closed","ping_status":"closed","template":"","meta":{"bwfblock_default_font":"","footnotes":""},"class_list":["post-5784","page","type-page","status-publish","hentry"],"aioseo_notices":[],"_links":{"self":[{"href":"https:\/\/www.powerbeg.com.tr\/index.php?rest_route=\/wp\/v2\/pages\/5784","targetHints":{"allow":["GET"]}}],"collection":[{"href":"https:\/\/www.powerbeg.com.tr\/index.php?rest_route=\/wp\/v2\/pages"}],"about":[{"href":"https:\/\/www.powerbeg.com.tr\/index.php?rest_route=\/wp\/v2\/types\/page"}],"author":[{"embeddable":true,"href":"https:\/\/www.powerbeg.com.tr\/index.php?rest_route=\/wp\/v2\/users\/1"}],"replies":[{"embeddable":true,"href":"https:\/\/www.powerbeg.com.tr\/index.php?rest_route=%2Fwp%2Fv2%2Fcomments&post=5784"}],"version-history":[{"count":5,"href":"https:\/\/www.powerbeg.com.tr\/index.php?rest_route=\/wp\/v2\/pages\/5784\/revisions"}],"predecessor-version":[{"id":11979,"href":"https:\/\/www.powerbeg.com.tr\/index.php?rest_route=\/wp\/v2\/pages\/5784\/revisions\/11979"}],"wp:attachment":[{"href":"https:\/\/www.powerbeg.com.tr\/index.php?rest_route=%2Fwp%2Fv2%2Fmedia&parent=5784"}],"curies":[{"name":"wp","href":"https:\/\/api.w.org\/{rel}","templated":true}]}}