{"id":12365,"date":"2016-11-15T13:52:25","date_gmt":"2016-11-15T10:52:25","guid":{"rendered":"http:\/\/www.powerbeg.com.tr\/?post_type=product&#038;p=12365"},"modified":"2026-04-18T10:05:59","modified_gmt":"2026-04-18T07:05:59","slug":"powerbeg-5000-profesyonel-fon-makinesi-wigolu","status":"publish","type":"product","link":"https:\/\/www.powerbeg.com.tr\/?product=powerbeg-5000-profesyonel-fon-makinesi-wigolu","title":{"rendered":"POWERBEG 5000 PROFESYONEL F\u00d6N MAK\u0130NES\u0130 W\u0130GO&#8217;LU"},"content":{"rendered":"<ul>\n<li>\u25ba Kuaf\u00f6rlerde ve Evlerde kullan\u0131lmak \u00fczere TAM PROFESYONEL F\u00f6n makinas\u0131<br \/>\n\u25ba 220-240 V 50-60 Hz geriliminde \u00e7al\u0131\u015fabilmesi<br \/>\n\u25ba 2500 Watt <b>\u00a0<\/b> g\u00fcc\u00fcnde<br \/>\n\u25ba Kolayl\u0131kla kullan\u0131lmas\u0131 i\u00e7in 2.8 m ideal kablo uzunlu\u011fu<br \/>\n\u25ba \u00c7ok s\u0131cak, S\u0131cak ve so\u011fuk olmak \u00fczere 3 kademe \u0131s\u0131 ayar\u0131<br \/>\n\u25ba Yava\u015f ve H\u0131zl\u0131 olmak \u00fczere\u00a02 kademe h\u0131z ayar\u0131<br \/>\n\u25ba 125 derece Max. S\u0131cakl\u0131k \u00a0<b>\u00a0<\/b><br \/>\n\u25ba \u015ealterler y\u00fcksek ak\u0131ma ve uzun s\u00fcre kullan\u0131ma dayan\u0131kl\u0131<br \/>\n\u25ba G\u00fcvenlik i\u00e7in Termostatl\u0131 rezistanslar<br \/>\n\u25ba Kullan\u0131lan motor johnson marka\u2019d\u0131r.<br \/>\n\u25ba 1 adet Y\u00fcksek Is\u0131ya dayan\u0131kl\u0131 F\u00f6n Gagas\u0131<br \/>\n\u25ba Profesyonel Kullan\u0131ma Uygun Y\u00fcksek Is\u0131larda Uzun S\u00fcre \u00c7al\u0131\u015fabilir.<\/li>\n<\/ul>\n","protected":false},"excerpt":{"rendered":"<p>\u25ba Kuaf\u00f6rlerde ve Evlerde kullan\u0131lmak \u00fczere TAM PROFESYONEL F\u00f6n makinas\u0131<br \/>\n\u25ba 220-240 V 50-60 Hz geriliminde \u00e7al\u0131\u015fabilmesi<br \/>\n\u25ba 2500 Watt <b>\u00a0<\/b> g\u00fcc\u00fcnde<\/p>\n","protected":false},"featured_media":12366,"comment_status":"open","ping_status":"closed","template":"","meta":{"bwfblock_default_font":""},"product_brand":[],"product_cat":[182],"product_tag":[180,179,181],"class_list":{"0":"post-12365","1":"product","2":"type-product","3":"status-publish","4":"has-post-thumbnail","6":"product_cat-fon-makineleri","7":"product_tag-fon-makinesi","8":"product_tag-profesyonel-fon-makinesi","9":"product_tag-sac-kurutma-makinesi","11":"first","12":"instock","13":"sale","14":"shipping-taxable","15":"purchasable","16":"product-type-simple"},"aioseo_notices":[],"_links":{"self":[{"href":"https:\/\/www.powerbeg.com.tr\/index.php?rest_route=\/wp\/v2\/product\/12365","targetHints":{"allow":["GET"]}}],"collection":[{"href":"https:\/\/www.powerbeg.com.tr\/index.php?rest_route=\/wp\/v2\/product"}],"about":[{"href":"https:\/\/www.powerbeg.com.tr\/index.php?rest_route=\/wp\/v2\/types\/product"}],"replies":[{"embeddable":true,"href":"https:\/\/www.powerbeg.com.tr\/index.php?rest_route=%2Fwp%2Fv2%2Fcomments&post=12365"}],"wp:featuredmedia":[{"embeddable":true,"href":"https:\/\/www.powerbeg.com.tr\/index.php?rest_route=\/wp\/v2\/media\/12366"}],"wp:attachment":[{"href":"https:\/\/www.powerbeg.com.tr\/index.php?rest_route=%2Fwp%2Fv2%2Fmedia&parent=12365"}],"wp:term":[{"taxonomy":"product_brand","embeddable":true,"href":"https:\/\/www.powerbeg.com.tr\/index.php?rest_route=%2Fwp%2Fv2%2Fproduct_brand&post=12365"},{"taxonomy":"product_cat","embeddable":true,"href":"https:\/\/www.powerbeg.com.tr\/index.php?rest_route=%2Fwp%2Fv2%2Fproduct_cat&post=12365"},{"taxonomy":"product_tag","embeddable":true,"href":"https:\/\/www.powerbeg.com.tr\/index.php?rest_route=%2Fwp%2Fv2%2Fproduct_tag&post=12365"}],"curies":[{"name":"wp","href":"https:\/\/api.w.org\/{rel}","templated":true}]}}