{"id":12410,"date":"2017-06-09T11:19:58","date_gmt":"2017-06-09T08:19:58","guid":{"rendered":"http:\/\/www.powerbeg.com.tr\/?post_type=product&#038;p=12410"},"modified":"2025-11-27T06:29:30","modified_gmt":"2025-11-27T03:29:30","slug":"powerbeg-5000-fon-askisi","status":"publish","type":"product","link":"https:\/\/www.powerbeg.com.tr\/?product=powerbeg-5000-fon-askisi","title":{"rendered":"POWERBEG 5000 F\u00d6N ASKISI"},"content":{"rendered":"<h2>F\u00d6N MAK\u0130NELER\u0130 \u0130\u00c7\u0130N KROM SPRAL ASKI APARATI<\/h2>\n<div>F\u00f6n makinelerinin \u00a0kolay kullan\u0131m\u0131 i\u00e7in ve orta yerde kalmamas\u0131 i\u00e7in \u00f6zel olarak \u00fcretilmi\u015f \u015f\u0131k paslanmaz krom kablama f\u00f6n ask\u0131s\u0131d\u0131r.<\/div>\n<div>L\u00dcTFEN S\u0130PAR\u0130\u015e VERMEDEN \u00d6L\u00c7\u00dcLER\u0130 KONTROL ED\u0130N<\/div>\n<div>\n<p>Geni\u015flik \u00dcst : 9 Cm<\/p>\n<p>Geni\u015flik Alt :7,5 Cm<\/p>\n<p>Boy : 10 Cm<\/p>\n<\/div>\n","protected":false},"excerpt":{"rendered":"<p>F\u00d6N MAK\u0130NELER\u0130 \u0130\u00c7\u0130N KROM SPRAL ASKI APARATI F\u00f6n makinelerinin \u00a0kolay kullan\u0131m\u0131 i\u00e7in ve orta yerde kalmamas\u0131 i\u00e7in \u00f6zel olarak \u00fcretilmi\u015f&#8230;<\/p>\n","protected":false},"featured_media":12411,"comment_status":"open","ping_status":"closed","template":"","meta":{"bwfblock_default_font":""},"product_brand":[],"product_cat":[182],"product_tag":[198,197],"class_list":{"0":"post-12410","1":"product","2":"type-product","3":"status-publish","4":"has-post-thumbnail","6":"product_cat-fon-makineleri","7":"product_tag-fon-aski-aparati","8":"product_tag-fon-askisi","10":"first","11":"instock","12":"sale","13":"shipping-taxable","14":"purchasable","15":"product-type-simple"},"aioseo_notices":[],"_links":{"self":[{"href":"https:\/\/www.powerbeg.com.tr\/index.php?rest_route=\/wp\/v2\/product\/12410","targetHints":{"allow":["GET"]}}],"collection":[{"href":"https:\/\/www.powerbeg.com.tr\/index.php?rest_route=\/wp\/v2\/product"}],"about":[{"href":"https:\/\/www.powerbeg.com.tr\/index.php?rest_route=\/wp\/v2\/types\/product"}],"replies":[{"embeddable":true,"href":"https:\/\/www.powerbeg.com.tr\/index.php?rest_route=%2Fwp%2Fv2%2Fcomments&post=12410"}],"wp:featuredmedia":[{"embeddable":true,"href":"https:\/\/www.powerbeg.com.tr\/index.php?rest_route=\/wp\/v2\/media\/12411"}],"wp:attachment":[{"href":"https:\/\/www.powerbeg.com.tr\/index.php?rest_route=%2Fwp%2Fv2%2Fmedia&parent=12410"}],"wp:term":[{"taxonomy":"product_brand","embeddable":true,"href":"https:\/\/www.powerbeg.com.tr\/index.php?rest_route=%2Fwp%2Fv2%2Fproduct_brand&post=12410"},{"taxonomy":"product_cat","embeddable":true,"href":"https:\/\/www.powerbeg.com.tr\/index.php?rest_route=%2Fwp%2Fv2%2Fproduct_cat&post=12410"},{"taxonomy":"product_tag","embeddable":true,"href":"https:\/\/www.powerbeg.com.tr\/index.php?rest_route=%2Fwp%2Fv2%2Fproduct_tag&post=12410"}],"curies":[{"name":"wp","href":"https:\/\/api.w.org\/{rel}","templated":true}]}}