{"id":12413,"date":"2017-06-09T11:25:02","date_gmt":"2017-06-09T08:25:02","guid":{"rendered":"http:\/\/www.powerbeg.com.tr\/?post_type=product&#038;p=12413"},"modified":"2025-08-06T12:00:08","modified_gmt":"2025-08-06T09:00:08","slug":"wigo-basik-profesyonel-fonler-icin","status":"publish","type":"product","link":"https:\/\/www.powerbeg.com.tr\/?product=wigo-basik-profesyonel-fonler-icin","title":{"rendered":"Wigo Ba\u015f\u0131k Profesyonel F\u00f6nler \u0130\u00e7in"},"content":{"rendered":"<h2><span style=\"color: #ffffff;\">L\u00dcTFEN D\u0130KKAT.. \u00a0 \u00d6L\u00c7\u00dcM YAPMADAN S\u0130PAR\u0130\u015e VERMEY\u0130N &#8230;<\/span><\/h2>\n<div><b>BU \u00dcR\u00dcN F\u00d6N MAK\u0130NELER\u0130NDE HAVA \u00c7IKI\u015e UCU \u00a04 CM \u0130LA &amp; 4,8 CM OLAN MAK\u0130NELER \u0130\u00c7\u0130N UYGUNDUR<\/b><\/div>\n<h2>F\u00d6N \u00a0MAK\u0130NELER\u0130 Hava \u00e7\u0131k\u0131\u015f\u0131 \/ Ucu\u00a0 4 cm\u00a0~ 4,8 cm. \u00c7ap aral\u0131\u011f\u0131ndaki \u0130\u00c7\u0130N UYGUN W\u0130GO BA\u015eLIK<\/h2>\n<div>\u00a0Kilitli ba\u015fl\u0131\u011f\u0131 sayesinde \u00a0siz istemedik\u00e7e yerinden \u00e7\u0131kmaz ve ayarl\u0131 ba\u015fl\u0131k sayesinde t\u00fcm ebatlara uygundur.<\/div>\n<div>Profesyonel kullan\u0131m ve ki\u015fisel kullan\u0131mda deforme olmaz s\u0131ca\u011fa dayan\u0131kl\u0131 malzemeden imal edilmi\u015ftir\u00e7<\/div>\n<h3>\u00a0 \u00a0 \u00a0 \u00a0 \u00a0 \u00a0 \u00a0 \u00a0 \u00a0 \u00a0 \u00a0 \u00a0 \u00a0 \u00a0 \u00a0 \u00a0 \u00a0 \u00a0 \u00a0 \u00a0 \u00a0 \u00a0 \u00a0 \u00a0 \u00a0 \u00a0W\u0130GO BA\u015eLIK NE \u0130\u015eE YARAR<\/h3>\n<div>Wigo veya halk aras\u0131nda vigo,dif\u00fczor diye bilinen yard\u0131mc\u0131 ba\u015fl\u0131k sayesinde f\u00f6nden gelen s\u0131cak hava ile sa\u00e7lar\u0131n\u0131za hacim vererek kurumas\u0131n\u0131 sa\u011flars\u0131n\u0131z dalgal\u0131 ve d\u00fcz sa\u00e7larda kullan\u0131ma uygundur.<\/div>\n<h3>\u00a0 \u00a0 \u00a0 KUTU \u0130\u00c7ER\u0130\u011e\u0130<\/h3>\n<div>1 Adet wigo<\/div>\n<div>1 adet fatura<\/div>\n","protected":false},"excerpt":{"rendered":"<p>L\u00dcTFEN D\u0130KKAT.. \u00a0 \u00d6L\u00c7\u00dcM YAPMADAN S\u0130PAR\u0130\u015e VERMEY\u0130N &#8230; BU \u00dcR\u00dcN F\u00d6N MAK\u0130NELER\u0130NDE HAVA \u00c7IKI\u015e UCU \u00a04 CM \u0130LA &amp; 4,8&#8230;<\/p>\n","protected":false},"featured_media":12414,"comment_status":"open","ping_status":"closed","template":"","meta":{"bwfblock_default_font":""},"product_brand":[],"product_cat":[202],"product_tag":[201,199,200],"class_list":{"0":"post-12413","1":"product","2":"type-product","3":"status-publish","4":"has-post-thumbnail","6":"product_cat-genel","7":"product_tag-fon-wigo","8":"product_tag-vigo-baslik","9":"product_tag-wigo","11":"first","12":"instock","13":"sale","14":"shipping-taxable","15":"purchasable","16":"product-type-simple"},"aioseo_notices":[],"_links":{"self":[{"href":"https:\/\/www.powerbeg.com.tr\/index.php?rest_route=\/wp\/v2\/product\/12413","targetHints":{"allow":["GET"]}}],"collection":[{"href":"https:\/\/www.powerbeg.com.tr\/index.php?rest_route=\/wp\/v2\/product"}],"about":[{"href":"https:\/\/www.powerbeg.com.tr\/index.php?rest_route=\/wp\/v2\/types\/product"}],"replies":[{"embeddable":true,"href":"https:\/\/www.powerbeg.com.tr\/index.php?rest_route=%2Fwp%2Fv2%2Fcomments&post=12413"}],"wp:featuredmedia":[{"embeddable":true,"href":"https:\/\/www.powerbeg.com.tr\/index.php?rest_route=\/wp\/v2\/media\/12414"}],"wp:attachment":[{"href":"https:\/\/www.powerbeg.com.tr\/index.php?rest_route=%2Fwp%2Fv2%2Fmedia&parent=12413"}],"wp:term":[{"taxonomy":"product_brand","embeddable":true,"href":"https:\/\/www.powerbeg.com.tr\/index.php?rest_route=%2Fwp%2Fv2%2Fproduct_brand&post=12413"},{"taxonomy":"product_cat","embeddable":true,"href":"https:\/\/www.powerbeg.com.tr\/index.php?rest_route=%2Fwp%2Fv2%2Fproduct_cat&post=12413"},{"taxonomy":"product_tag","embeddable":true,"href":"https:\/\/www.powerbeg.com.tr\/index.php?rest_route=%2Fwp%2Fv2%2Fproduct_tag&post=12413"}],"curies":[{"name":"wp","href":"https:\/\/api.w.org\/{rel}","templated":true}]}}