{"id":12487,"date":"2024-05-13T16:25:18","date_gmt":"2024-05-13T13:25:18","guid":{"rendered":"https:\/\/www.powerbeg.com.tr\/?post_type=product&#038;p=12487"},"modified":"2026-04-18T10:05:17","modified_gmt":"2026-04-18T07:05:17","slug":"turboplus-3700-w-profesyonel-kuafor-tipi-fon-makinesi","status":"publish","type":"product","link":"https:\/\/www.powerbeg.com.tr\/?product=turboplus-3700-w-profesyonel-kuafor-tipi-fon-makinesi","title":{"rendered":"Turboplus 3700  W Profesyonel Kuaf\u00f6r Tipi F\u00f6n Makinesi"},"content":{"rendered":"<h2 class=\"uni-title\">\u00dcr\u00fcn Detaylar\u0131<\/h2>\n<section class=\"uni-content\">\n<h2 class=\"sub-title\">Turboplus 3700 \u00a0 W Profesyonel Kuaf\u00f6r Tipi F\u00f6n Makinesi + Ba\u015fl\u0131k<\/h2>\n<div class=\"item left\">\n<figure><img decoding=\"async\" src=\"https:\/\/n11scdn3.akamaized.net\/a1\/org\/13\/94\/96\/32\/08942523.jpg\" \/><\/figure>\n<h3 class=\"sub-title\">Is\u0131 Ayar\u0131<\/h3>\n<p>Profesyonel bir deneyim sahibi yapacak olan kuaf\u00f6r tipi\u00a0ile \u0131s\u0131 ayar\u0131n\u0131 \u00fc\u00e7 farkl\u0131 \u0131s\u0131 kademesinde sa\u00e7 tipinin durumuna g\u00f6re rahatl\u0131kla belirleyebilir ve istedi\u011finiz sitili kolayca ger\u00e7ekle\u015ftirebilirsiniz.<\/p>\n<h3 class=\"sub-title\">\u0130yon Kontrol\u00fc<\/h3>\n<p>D\u00fcmd\u00fcz sa\u00e7lar veya dalgal\u0131 bukleler yaratmak i\u00e7in iyon kontrol\u00fcn\u00fc sa\u011flayabilir ve sa\u00e7lar\u0131n\u0131za asla zarar vermeden sizde profesyonel bir kullan\u0131m tipi sunan f\u00f6n makinesi ile birlikte beklentilerinizi yerine getirebilirsiniz.<\/p>\n<h3 class=\"sub-title\">Dar Ba\u015fl\u0131k<\/h3>\n<p>Etkili bir deneyim ya\u015fayabilmek i\u00e7in dar ba\u015fl\u0131 kolay bir \u015fekilde kullanabilir ve sizde tek bir hareketle ba\u015fl\u0131\u011f\u0131 makineye rahatl\u0131kla yerle\u015ftirerek kullan\u0131m \u015fekillerinizde arad\u0131\u011f\u0131n\u0131z ayr\u0131cal\u0131\u011fa sahip olabilirsiniz.<\/p>\n<div class=\"item right\">\n<figure><img decoding=\"async\" src=\"https:\/\/n11scdn3.akamaized.net\/a1\/org\/06\/93\/30\/23\/93566793.jpg\" \/><\/figure>\n<p>.<\/p>\n<h3 class=\"sub-title\">So\u011fuk Hava<\/h3>\n<p>Kalitesi ile fark yaratacak ve so\u011fuk hava \u00fcfleyen yap\u0131s\u0131 sayesinde sa\u00e7lar\u0131n\u0131za \u015fekil verdikten sonra so\u011fuk havay\u0131 sa\u00e7lar\u0131n daha sabit kalabilmesi i\u00e7in pratik bir bi\u00e7imde uygulayabilir ve sizde keyifli bir deneyim sahibi olabilirsiniz.<\/p>\n<h3 class=\"sub-title\">Ergonomik Tutma Sap\u0131<\/h3>\n<p>\u0130stedi\u011finiz y\u00f6ne do\u011fru rahatl\u0131kla kullanabilece\u011finiz ergonomik tutma sap\u0131 sayesinde sizde sa\u00e7lar\u0131n\u0131za \u015fekil verirken f\u00f6n makinesi ile birlikte pratik ve bir o kadarda rahat bir deneyim sahibini olarak g\u00fcvenle ula\u015fabilirsiniz.<\/p>\n<p>&nbsp;<\/p>\n<p>&nbsp;<\/p>\n<ul class=\"unf-prop-list\">\n<li class=\"unf-prop-list-item\">\n<p class=\"unf-prop-list-title\">Is\u0131 Ayar\u0131<\/p>\n<p class=\"unf-prop-list-prop\">Var<\/p>\n<\/li>\n<li class=\"unf-prop-list-item\">\n<p class=\"unf-prop-list-title\">\u0130yon Kontrol\u00fc<\/p>\n<p class=\"unf-prop-list-prop\">Yok<\/p>\n<\/li>\n<li class=\"unf-prop-list-item\"><\/li>\n<li class=\"unf-prop-list-item\"><\/li>\n<li class=\"unf-prop-list-item\">\n<p class=\"unf-prop-list-title\">So\u011fuk Hava<\/p>\n<p class=\"unf-prop-list-prop\">Var<\/p>\n<\/li>\n<li class=\"unf-prop-list-item\">\n<p class=\"unf-prop-list-title\">Asma Kancas\u0131<\/p>\n<p class=\"unf-prop-list-prop\">Var<\/p>\n<\/li>\n<li class=\"unf-prop-list-item\">\n<p class=\"unf-prop-list-title\">H\u0131z Ayar\u0131<\/p>\n<p class=\"unf-prop-list-prop\">2 Kademe<\/p>\n<\/li>\n<li class=\"unf-prop-list-item\">\n<p class=\"unf-prop-list-title\">Dif\u00fcz\u00f6r<\/p>\n<p class=\"unf-prop-list-prop\">YOK<\/p>\n<\/li>\n<\/ul>\n<\/div>\n<\/div>\n<\/section>\n","protected":false},"excerpt":{"rendered":"<p>\u00dcr\u00fcn Detaylar\u0131 Turboplus 3700 \u00a0 W Profesyonel Kuaf\u00f6r Tipi F\u00f6n Makinesi + Ba\u015fl\u0131k Is\u0131 Ayar\u0131 Profesyonel bir deneyim sahibi yapacak&#8230;<\/p>\n","protected":false},"featured_media":12489,"comment_status":"open","ping_status":"closed","template":"","meta":{"bwfblock_default_font":""},"product_brand":[],"product_cat":[202],"product_tag":[],"class_list":{"0":"post-12487","1":"product","2":"type-product","3":"status-publish","4":"has-post-thumbnail","6":"product_cat-genel","8":"first","9":"instock","10":"sale","11":"shipping-taxable","12":"purchasable","13":"product-type-simple"},"aioseo_notices":[],"_links":{"self":[{"href":"https:\/\/www.powerbeg.com.tr\/index.php?rest_route=\/wp\/v2\/product\/12487","targetHints":{"allow":["GET"]}}],"collection":[{"href":"https:\/\/www.powerbeg.com.tr\/index.php?rest_route=\/wp\/v2\/product"}],"about":[{"href":"https:\/\/www.powerbeg.com.tr\/index.php?rest_route=\/wp\/v2\/types\/product"}],"replies":[{"embeddable":true,"href":"https:\/\/www.powerbeg.com.tr\/index.php?rest_route=%2Fwp%2Fv2%2Fcomments&post=12487"}],"wp:featuredmedia":[{"embeddable":true,"href":"https:\/\/www.powerbeg.com.tr\/index.php?rest_route=\/wp\/v2\/media\/12489"}],"wp:attachment":[{"href":"https:\/\/www.powerbeg.com.tr\/index.php?rest_route=%2Fwp%2Fv2%2Fmedia&parent=12487"}],"wp:term":[{"taxonomy":"product_brand","embeddable":true,"href":"https:\/\/www.powerbeg.com.tr\/index.php?rest_route=%2Fwp%2Fv2%2Fproduct_brand&post=12487"},{"taxonomy":"product_cat","embeddable":true,"href":"https:\/\/www.powerbeg.com.tr\/index.php?rest_route=%2Fwp%2Fv2%2Fproduct_cat&post=12487"},{"taxonomy":"product_tag","embeddable":true,"href":"https:\/\/www.powerbeg.com.tr\/index.php?rest_route=%2Fwp%2Fv2%2Fproduct_tag&post=12487"}],"curies":[{"name":"wp","href":"https:\/\/api.w.org\/{rel}","templated":true}]}}