{"id":4829,"date":"2014-12-21T18:56:16","date_gmt":"2014-12-21T16:56:16","guid":{"rendered":"http:\/\/codex-themes.com\/scalia\/?post_type=product&#038;p=4574"},"modified":"2026-04-22T18:26:55","modified_gmt":"2026-04-22T15:26:55","slug":"powerbeg-5000-profesyonel-fon-makinesi","status":"publish","type":"product","link":"https:\/\/www.powerbeg.com.tr\/?product=powerbeg-5000-profesyonel-fon-makinesi","title":{"rendered":"Powerbeg 5000 Profesyonel F\u00f6n Makinesi"},"content":{"rendered":"<p>[vc_row][vc_column]<div class=\"sc-textbox rounded-corners\"  style=\"\"><div class=\"sc-textbox-content\" style=\"background-color: #f1f5f8;background-image: url(https:\/\/www.powerbeg.com.tr\/wp-content\/uploads\/2014\/11\/bg-shop-2.png);background-repeat: no-repeat; background-size: cover;background-position: center top;\"><div class=\"clearboth\"><\/div><div class=\"sc-divider\" style=\"margin-top: 25px;\"><\/div>[vc_column_text css=&#8221;.vc_custom_1477482222083{padding-left: 30px !important;}&#8221;]<\/p>\n<div class=\"styled-subtitle\" style=\"line-height: 1.4; font-size: 30px;\">\n<p>\u00dcR\u00dcN \u00d6ZELL\u0130KER\u0130:<\/p>\n<p>\u25ba Powerbeg 5000 PROFESSIONAL F\u00d6N MAK\u0130NES\u0130<\/p>\n<\/div>\n<p>[\/vc_column_text][vc_column_text css=&#8221;.vc_custom_1417419773034{padding-left: 30px !important;}&#8221;]<\/p>\n<div class=\"title-h1\"><span style=\"color: #ffffff; font-size: 100px;\">GO WINTER!<\/span><\/div>\n<p>[\/vc_column_text]<\/div><\/div>[\/vc_column][\/vc_row]<\/p>\n","protected":false},"excerpt":{"rendered":"<p>Kuaf\u00f6rlerin kulland\u0131\u011f\u0131 tam profesyonel 2500w maximum s\u0131cakl\u0131k ve sa\u011flaml\u0131k ile powerbeg 5000 f\u00f6n yapmay\u0131 e\u011flence haline d\u00f6n\u00fc\u015ft\u00fcr\u00fcr.<\/p>\n<div class=\"sc-list sc-list-type-check sc-list-color-7\">\n<ul>\n<li>\u25ba Kuaf\u00f6rlerde ve Evlerde kullan\u0131lmak \u00fczere TAM PROFESYONEL F\u00f6n makinas\u0131<br \/>\n\u25ba 220-240 V 50-60 Hz geriliminde \u00e7al\u0131\u015fabilmesi<br \/>\n\u25ba 2500 Watt <b>\u00a0<\/b> g\u00fcc\u00fcnde<br \/>\n\u25ba Kolayl\u0131kla kullan\u0131lmas\u0131 i\u00e7in 2.8 m ideal kablo uzunlu\u011fu<br \/>\n\u25ba \u00c7ok s\u0131cak, S\u0131cak ve so\u011fuk olmak \u00fczere 3 kademe \u0131s\u0131 ayar\u0131<br \/>\n\u25ba Yava\u015f ve H\u0131zl\u0131 olmak \u00fczere\u00a02 kademe h\u0131z ayar\u0131<br \/>\n\u25ba 125 derece Max. S\u0131cakl\u0131k \u00a0<b>\u00a0<\/b><br \/>\n\u25ba \u015ealterler y\u00fcksek ak\u0131ma ve uzun s\u00fcre kullan\u0131ma dayan\u0131kl\u0131<br \/>\n\u25ba G\u00fcvenlik i\u00e7in Termostatl\u0131 rezistanslar<br \/>\n\u25ba Kullan\u0131lan motor johnson marka\u2019d\u0131r.<br \/>\n\u25ba 1 adet Y\u00fcksek Is\u0131ya dayan\u0131kl\u0131 F\u00f6n Gagas\u0131<br \/>\n\u25ba Profesyonel Kullan\u0131ma Uygun Y\u00fcksek Is\u0131larda Uzun S\u00fcre \u00c7al\u0131\u015fabilir.<\/li>\n<\/ul>\n<\/div>\n","protected":false},"featured_media":12364,"comment_status":"open","ping_status":"closed","template":"","meta":{"bwfblock_default_font":""},"product_brand":[],"product_cat":[182],"product_tag":[180,178,179,181],"class_list":{"0":"post-4829","1":"product","2":"type-product","3":"status-publish","4":"has-post-thumbnail","6":"product_cat-fon-makineleri","7":"product_tag-fon-makinesi","8":"product_tag-powerbeg-5000-fon-makinesi","9":"product_tag-profesyonel-fon-makinesi","10":"product_tag-sac-kurutma-makinesi","12":"first","13":"instock","14":"sale","15":"shipping-taxable","16":"purchasable","17":"product-type-simple"},"aioseo_notices":[],"_links":{"self":[{"href":"https:\/\/www.powerbeg.com.tr\/index.php?rest_route=\/wp\/v2\/product\/4829","targetHints":{"allow":["GET"]}}],"collection":[{"href":"https:\/\/www.powerbeg.com.tr\/index.php?rest_route=\/wp\/v2\/product"}],"about":[{"href":"https:\/\/www.powerbeg.com.tr\/index.php?rest_route=\/wp\/v2\/types\/product"}],"replies":[{"embeddable":true,"href":"https:\/\/www.powerbeg.com.tr\/index.php?rest_route=%2Fwp%2Fv2%2Fcomments&post=4829"}],"wp:featuredmedia":[{"embeddable":true,"href":"https:\/\/www.powerbeg.com.tr\/index.php?rest_route=\/wp\/v2\/media\/12364"}],"wp:attachment":[{"href":"https:\/\/www.powerbeg.com.tr\/index.php?rest_route=%2Fwp%2Fv2%2Fmedia&parent=4829"}],"wp:term":[{"taxonomy":"product_brand","embeddable":true,"href":"https:\/\/www.powerbeg.com.tr\/index.php?rest_route=%2Fwp%2Fv2%2Fproduct_brand&post=4829"},{"taxonomy":"product_cat","embeddable":true,"href":"https:\/\/www.powerbeg.com.tr\/index.php?rest_route=%2Fwp%2Fv2%2Fproduct_cat&post=4829"},{"taxonomy":"product_tag","embeddable":true,"href":"https:\/\/www.powerbeg.com.tr\/index.php?rest_route=%2Fwp%2Fv2%2Fproduct_tag&post=4829"}],"curies":[{"name":"wp","href":"https:\/\/api.w.org\/{rel}","templated":true}]}}